{"id":81,"date":"2025-01-10T13:18:32","date_gmt":"2025-01-10T12:18:32","guid":{"rendered":"http:\/\/www.noepker-vereine.de\/SchuetzenvereinHomepage\/?page_id=81"},"modified":"2026-03-21T09:14:38","modified_gmt":"2026-03-21T08:14:38","slug":"damenriege","status":"publish","type":"page","link":"http:\/\/www.noepker-vereine.de\/SchuetzenvereinHomepage\/damenriege\/","title":{"rendered":"Damenriege"},"content":{"rendered":"\n<h1 id=\"die-damenriege\" class=\"wp-block-heading\">Die Damenriege<\/h1>\n\n\n\n<p>Die Idee einer Damenriege bestand schon lange vor der eigentlichen Gr\u00fcndung, scheiterte jedoch immer wieder an traditionsgebundenen Vorstellungen. 1973 wurde das Thema in die Tat umgesetzt. 29 Damen schlossen sich zu einer Schie\u00dfgruppe zusammen, die Schie\u00dfaufsicht \u00fcbernahm Ernst Schneider. Am 25.5.1974 wurde die Damenriege offiziell vom Vorstand anerkannt. Erste Damenleiterin wurde Marlis Kirchhoff mit Marita Homann als Stellvertreterin. Rechtzeitig zum 50-j\u00e4hrigen Bestehen des Sch\u00fctzenvereins wurden Uniformen angeschafft in Form von gr\u00fcnem Rock und gr\u00fcner Weste. Erste Damenk\u00f6nigin war Heide Rabe, die dieses Amt zun\u00e4chst noch ohne Uniform aus\u00fcben musste.<br>Heute ist die Damenriege 129 <em>Frau<\/em> stark, die Leitung hat Andrea Wojcik, ihr zur Seite steht Anika Rabe. In der gesamten Zeit hat es nur 5 Wechsel in der F\u00fchrung gegeben:<\/p>\n\n\n\n<figure class=\"wp-block-table is-style-stripes\"><table><tbody><tr><td>1974 \u2013 1987<\/td><td>Marlis Kirchhoff<\/td><\/tr><tr><td>1987 \u2013 1993<\/td><td>Marita Homann<\/td><\/tr><tr><td>1993 \u2013 1999<\/td><td>Gisela Schneider<\/td><\/tr><tr><td>1999 \u2013 2011<\/td><td>Marion Tahn<\/td><\/tr><tr><td>Seit 2011<\/td><td>Andrea Wojcik<\/td><\/tr><\/tbody><\/table><\/figure>\n\n\n\n<h3 id=\"stellvertreterinnen\" class=\"wp-block-heading\">Stellvertreterinnen:<\/h3>\n\n\n\n<figure class=\"wp-block-table is-style-stripes\"><table><tbody><tr><td>1974 \u2013 1987<\/td><td>Marita Homann<\/td><\/tr><tr><td>1987 \u2013 2000<\/td><td>Christine Knigge<\/td><\/tr><tr><td>2000 \u2013 2018<\/td><td>Stefani Knigge<\/td><\/tr><tr><td>Seit 2018<\/td><td>Anika Rabe<\/td><\/tr><\/tbody><\/table><\/figure>\n\n\n\n<p><\/p>\n","protected":false},"excerpt":{"rendered":"<p>Die Damenriege Die Idee einer Damenriege bestand schon lange vor der eigentlichen Gr\u00fcndung, scheiterte jedoch immer wieder an traditionsgebundenen Vorstellungen. 1973 wurde das Thema in die Tat umgesetzt. 29 Damen schlossen sich zu einer Schie\u00dfgruppe zusammen, die Schie\u00dfaufsicht \u00fcbernahm Ernst &hellip; <a href=\"http:\/\/www.noepker-vereine.de\/SchuetzenvereinHomepage\/damenriege\/\">Weiterlesen <span class=\"meta-nav\">&rarr;<\/span><\/a><\/p>\n","protected":false},"author":1,"featured_media":0,"parent":0,"menu_order":20,"comment_status":"closed","ping_status":"closed","template":"","meta":{"footnotes":""},"class_list":["post-81","page","type-page","status-publish","hentry"],"_links":{"self":[{"href":"http:\/\/www.noepker-vereine.de\/SchuetzenvereinHomepage\/wp-json\/wp\/v2\/pages\/81","targetHints":{"allow":["GET"]}}],"collection":[{"href":"http:\/\/www.noepker-vereine.de\/SchuetzenvereinHomepage\/wp-json\/wp\/v2\/pages"}],"about":[{"href":"http:\/\/www.noepker-vereine.de\/SchuetzenvereinHomepage\/wp-json\/wp\/v2\/types\/page"}],"author":[{"embeddable":true,"href":"http:\/\/www.noepker-vereine.de\/SchuetzenvereinHomepage\/wp-json\/wp\/v2\/users\/1"}],"replies":[{"embeddable":true,"href":"http:\/\/www.noepker-vereine.de\/SchuetzenvereinHomepage\/wp-json\/wp\/v2\/comments?post=81"}],"version-history":[{"count":1,"href":"http:\/\/www.noepker-vereine.de\/SchuetzenvereinHomepage\/wp-json\/wp\/v2\/pages\/81\/revisions"}],"predecessor-version":[{"id":83,"href":"http:\/\/www.noepker-vereine.de\/SchuetzenvereinHomepage\/wp-json\/wp\/v2\/pages\/81\/revisions\/83"}],"wp:attachment":[{"href":"http:\/\/www.noepker-vereine.de\/SchuetzenvereinHomepage\/wp-json\/wp\/v2\/media?parent=81"}],"curies":[{"name":"wp","href":"https:\/\/api.w.org\/{rel}","templated":true}]}}